{"id":3698,"date":"2023-09-08T09:35:18","date_gmt":"2023-09-08T09:35:18","guid":{"rendered":"https:\/\/neuekunstinhamburg.de\/wordpress\/?page_id=3698"},"modified":"2023-09-26T11:37:01","modified_gmt":"2023-09-26T11:37:01","slug":"impressum","status":"publish","type":"page","link":"https:\/\/neuekunstinhamburg.de\/wordpress\/impressum\/","title":{"rendered":"impressum"},"content":{"rendered":"\t\t<div data-elementor-type=\"wp-page\" data-elementor-id=\"3698\" class=\"elementor elementor-3698\" data-elementor-settings=\"{&quot;ha_cmc_init_switcher&quot;:&quot;no&quot;}\" data-elementor-post-type=\"page\">\n\t\t\t\t\t\t<section class=\"elementor-section elementor-top-section elementor-element elementor-element-05f199a elementor-section-boxed elementor-section-height-default elementor-section-height-default\" data-id=\"05f199a\" data-element_type=\"section\" data-settings=\"{&quot;_ha_eqh_enable&quot;:false,&quot;ekit_has_onepagescroll_dot&quot;:&quot;yes&quot;}\">\n\t\t\t\t\t\t<div class=\"elementor-container elementor-column-gap-default\">\n\t\t\t\t\t<div class=\"elementor-column elementor-col-100 elementor-top-column elementor-element elementor-element-81ecefb\" data-id=\"81ecefb\" data-element_type=\"column\">\n\t\t\t<div class=\"elementor-widget-wrap elementor-element-populated\">\n\t\t\t\t\t\t<div class=\"elementor-element elementor-element-9798ed7 elementor-widget elementor-widget-text-editor\" data-id=\"9798ed7\" data-element_type=\"widget\" data-settings=\"{&quot;ekit_we_effect_on&quot;:&quot;none&quot;}\" data-widget_type=\"text-editor.default\">\n\t\t\t\t<div class=\"elementor-widget-container\">\n\t\t\t<style>\/*! elementor - v3.21.0 - 30-04-2024 *\/\n.elementor-widget-text-editor.elementor-drop-cap-view-stacked .elementor-drop-cap{background-color:#69727d;color:#fff}.elementor-widget-text-editor.elementor-drop-cap-view-framed .elementor-drop-cap{color:#69727d;border:3px solid;background-color:transparent}.elementor-widget-text-editor:not(.elementor-drop-cap-view-default) .elementor-drop-cap{margin-top:8px}.elementor-widget-text-editor:not(.elementor-drop-cap-view-default) .elementor-drop-cap-letter{width:1em;height:1em}.elementor-widget-text-editor .elementor-drop-cap{float:left;text-align:center;line-height:1;font-size:50px}.elementor-widget-text-editor .elementor-drop-cap-letter{display:inline-block}<\/style>\t\t\t\t<p><strong>IMPRESSUM<\/strong><\/p><p>Neue Kunst In Hamburg e.V.<br \/>Hochallee 93<br \/>20149 Hamburg<br \/>Tel: 0171 \/ 931 87 49 (Judith Fell-Zeller)<br \/>E-Mail:\u00a0<span id=\"cloak65550d6a5a0d47a85b755bc0f3917d2d\"><a href=\"mailto:info@neuekunstinhamburg.de\">info@neuekunstinhamburg.de<\/a><\/span><\/p><p><strong>Vertretungsberechtigte<\/strong><br \/>Der Verein Neue Kunst in Hamburg e.V. wird vertreten durch seinen Vorstand:<br \/>Judith Fell-Zeller<br \/>Michael Sch\u00e4fer<br \/>Katharina Bittel<br \/>Peter Labin<br \/>Dr. Hans Jochen Waitz<\/p><p><strong>Vereinsregister<\/strong><br \/>Der Verein Neue Kunst in Hamburg e.V. ist im Vereinsregister des Amtsgerichts Hamburg unter der Registernummer VR 11071 eingetragen.<\/p><p><strong>Haftung<\/strong><br \/>Der Verein Neue Kunst in Hamburg (nachfolgend der Verein) ist als Inhaltsanbieter nach \u00a7 7 Abs. 1 Telemediengesetz f\u00fcr die \u201eeigenen Inhalte\u201c, die auf\u00a0<a href=\"http:\/\/www.neuekunstinhamburg.de\/\">http:\/\/www.neuekunstinhamburg.de<\/a>\u00a0zur Nutzung bereitgehalten werden, nach den allgemeinen Gesetzen verantwortlich. Die eigenen Inhalte werden sorgf\u00e4ltig gepr\u00fcft. Eine Garantie f\u00fcr die Vollst\u00e4ndigkeit, Richtigkeit und Aktualit\u00e4t kann jedoch nicht \u00fcbernommen werden.<\/p><p>Von diesen eigenen Inhalten sind Querverweise (\u201eLinks\u201c) auf die von anderen Anbietern bereitgehaltenen Inhalte zu unterscheiden. Durch den Querverweis h\u00e4lt der Verein \u201efremde Inhalte\u201c zur Nutzung bereit. F\u00fcr diese \u00fcbernimmt der Verein keine Haftung. Die fremden Inhalte wurden bei der erstmaligen Link-Setzung daraufhin \u00fcberpr\u00fcft, ob durch sie eine m\u00f6gliche zivilrechtliche oder strafrechtliche Verantwortlichkeit ausgel\u00f6st wird. Es ist jedoch nicht auszuschlie\u00dfen, dass die Inhalte im Nachhinein von den jeweiligen Anbietern ver\u00e4ndert werden. Der Verein \u00fcberpr\u00fcft die Inhalte, auf die er in seinem Angebot verweist, nicht st\u00e4ndig auf Ver\u00e4nderungen, die eine Verantwortlichkeit begr\u00fcnden k\u00f6nnten. Sollten Sie der Ansicht sein, dass die verlinkten externen Seiten gegen geltendes Recht versto\u00dfen oder sonst unangemessene Inhalte haben, so teilen Sie uns dies bitte mit.<\/p><p>Ebenso \u00fcbernimmt der Verein keine Haftung f\u00fcr die von den K\u00fcnstlern auf ihren K\u00fcnstlerseiten und Blogs bereitgestellten Inhalte. F\u00fcr diese sind ausschlie\u00dflich die K\u00fcnstler selbst zust\u00e4ndig. Der Verein beeinflusst und bestimmt die Inhalte nicht. Sollten Sie der Ansicht sein, dass die auf den K\u00fcnstlerseiten ver\u00f6ffentlichten Inhalte gegen geltendes Recht versto\u00dfen oder sonst unangemessene Inhalte haben, so teilen Sie uns dies bitte mit.<\/p><p><strong>DATENSCHUTZERKL\u00c4RUNG<\/strong><br \/>Diese Datenschutz-Information gilt f\u00fcr die Datenverarbeitung durch:<\/p><p>Neue Kunst in Hamburg e.V.<br \/>Hochallee 93<br \/>20149 Hamburg<br \/><span id=\"cloakbcba54ee29f0d71bdf1abe867d8f5542\"><a href=\"mailto:info@neuekunstinhamburg.de\">info@neuekunstinhamburg.de<\/a><\/span><\/p><p>1. Begriffsbestimmung<br \/>Diese Datenschutzerkl\u00e4rung nutzt in der Regel die offiziellen Begriffe der Datenschutzgrundverordnung (DSGVO). Die offiziellen Begriffsbestimmungen werden in Art. 4 DSGVO erl\u00e4utert.<\/p><p>2. Erhebung und Speicherung personenbezogener Daten sowie Art und Zweck von deren Verwendung<br \/>Beim Aufrufen unserer Website www.neuekunstinhamburg.de werden durch den auf Ihrem Endger\u00e4t zum Einsatz kommenden Browser automatisch Informationen an den Server unserer Website gesendet. Diese Informationen werden tempor\u00e4r in einem sog. Logfile gespeichert. Folgende Informationen werden dabei ohne Ihr Zutun erfasst und bis zur automatisierten L\u00f6schung gespeichert:<br \/>\u00b7 IP-Adresse des anfragenden Rechners,<br \/>\u00b7 Datum und Uhrzeit des Zugriffs,<br \/>\u00b7 Name und URL der abgerufenen Datei,<br \/>\u00b7 Website, von der aus der Zugriff erfolgt (Referrer-URL),<br \/>\u00b7 Zugriffsstatus (Datei \u00fcbertragen, Datei nicht gefunden, etc.),<br \/>\u00b7 \u00fcbertragene Datenmenge,<br \/>\u00b7 verwendeter Browser und ggf. das Betriebssystem Ihres Rechners sowie der Name Ihres Access-Providers.<\/p><p>Die genannten Daten werden durch uns zu folgenden Zwecken verarbeitet:<br \/>\u00b7 Gew\u00e4hrleistung eines reibungslosen Verbindungsaufbaus der Website,<br \/>\u00b7 Gew\u00e4hrleistung einer komfortablen Nutzung unserer Website,<br \/>\u00b7 Auswertung der Systemsicherheit und -stabilit\u00e4t sowie zu weiteren administrativen Zwecken.<\/p><p>Die Rechtsgrundlage f\u00fcr die Datenverarbeitung ist Art. 6 Abs. 1 S. 1 lit. f DSGVO. Unser berechtigtes Interesse folgt aus oben aufgelisteten Zwecken zur Datenerhebung. In keinem Fall verwenden wir die erhobenen Daten zu dem Zweck, R\u00fcckschl\u00fcsse auf Ihre Person zu ziehen. Es erfolgt keinerlei Auswertung dieser Daten au\u00dfer f\u00fcr statistische Zwecke in anonymisierter Form. Eine Zusammenf\u00fchrung dieser Daten mit Daten anderer Datenquellen wird nicht vorgenommen.<\/p><p>Dar\u00fcber hinaus setzen wir beim Besuch unserer Website Cookies sowie Analysedienste ein. N\u00e4here Erl\u00e4uterungen dazu erhalten Sie unter den Ziff. 5 und 6 dieser Datenschutzerkl\u00e4rung.<\/p><p>3. Weitergabe von Daten<br \/>Eine \u00dcbermittlung Ihrer pers\u00f6nlichen Daten an Dritte zu anderen als den im Folgenden aufgef\u00fchrten Zwecken findet nicht statt.<\/p><p>Wir geben Ihre pers\u00f6nlichen Daten nur an Dritte weiter, wenn:<br \/>\u00b7 Sie Ihre nach Art. 6 Abs. 1 S. 1 lit. a DSGVO ausdr\u00fcckliche Einwilligung dazu erteilt haben,<br \/>\u00b7 die Weitergabe nach Art. 6 Abs. 1 S. 1 lit. f DSGVO zur Geltendmachung, Aus\u00fcbung oder Verteidigung von Rechtsanspr\u00fcchen erforderlich ist und kein Grund zur Annahme besteht, dass Sie ein \u00fcberwiegendes schutzw\u00fcrdiges Interesse an der Nichtweitergabe Ihrer Daten haben,<br \/>\u00b7 f\u00fcr den Fall, dass f\u00fcr die Weitergabe nach Art. 6 Abs. 1 S. 1 lit. c DSGVO eine gesetzliche Verpflichtung besteht, sowie<br \/>\u00b7 dies gesetzlich zul\u00e4ssig und nach Art. 6 Abs. 1 S. 1 lit. b DSGVO f\u00fcr die Abwicklung von Vertragsverh\u00e4ltnissen mit Ihnen erforderlich ist.<\/p><p>Wir nutzen dar\u00fcber hinaus f\u00fcr die Abwicklung unserer Services externe Dienstleister, die wir sorgf\u00e4ltig ausgew\u00e4hlt und schriftlich beauftragt haben. Sie sind an unsere Weisungen gebunden und werden von uns regelm\u00e4\u00dfig kontrolliert. Mit welchen wir erforderlichenfalls Auftragsverarbeitungsvertr\u00e4ge gem. Art. 28 DSGVO geschlossen haben. Diese sind Dienstleister f\u00fcr das Webhosting, den Versand von E-Mails sowie Wartung und Pflege unserer IT-Systemen usw. Die Dienstleister werden diese Daten nicht an Dritte weitergeben.<\/p><p>4. Kontaktaufnahme per E-Mail<br \/>Wenn Sie uns E-Mail Anfragen zukommen lassen, werden Ihre Angaben aus Ihrer E-Mail inklusive der von Ihnen dort angegebenen Kontaktdaten zwecks Bearbeitung der Anfrage und f\u00fcr den Fall von Anschlussfragen bei uns gespeichert. Diese Daten geben wir in keinem Fall ohne Ihre Einwilligung weiter. Rechtsgrundlage f\u00fcr die Verarbeitung der Daten ist unser berechtigtes Interesse an der Beantwortung Ihres Anliegens gem\u00e4\u00df Art. 6 Abs. 1 lit. f DSGVO sowie ggf. Art. 6 Abs. 1 lit. b DSGVO, sofern Ihre Anfrage auf den Abschluss eines Vertrages abzielt. Ihre Daten werden nach abschlie\u00dfender Bearbeitung Ihrer Anfrage gel\u00f6scht, sofern keine gesetzlichen Aufbewahrungspflichten entgegenstehen.<\/p><p>5. Cookies<br \/>Unsere Website setzt Cookies ein, die vom Browser auf Ihrem Ger\u00e4t gespeichert werden und die bestimmte Einstellungen zur Nutzung der Website enthalten (z. B. zur laufenden Sitzung). Cookies dienen dazu, unser Angebot nutzerfreundlicher, effektiver und sicherer zu machen. Cookies sind kleine Textdateien, die auf Ihrem Rechner abgelegt werden und die Ihr Browser speichert. Die meisten der von uns verwendeten Cookies sind so genannte Session-Cookies, welche nach dem Schlie\u00dfen des Browsers automatisch gel\u00f6scht werden. Andere Cookies bleiben auf Ihrem Endger\u00e4t gespeichert, bis Sie diese l\u00f6schen oder die Speicherdauer abl\u00e4uft. Diese Cookies erm\u00f6glichen es uns, Ihren Browser beim n\u00e4chsten Besuch wiederzuerkennen. Teilweise dienen die Cookies dazu, durch Speicherung von Einstellungen Websiteprozesse zu vereinfachen (z. B. das Vorhalten bereits ausgew\u00e4hlter Optionen). Sofern durch einzelne von uns implementierte Cookies auch personenbezogene Daten verarbeitet werden, erfolgt die Verarbeitung gem\u00e4\u00df Art. 6 Abs. 1 lit. b DSGVO entweder zur Durchf\u00fchrung des Vertrages oder gem\u00e4\u00df Art. 6 Abs. 1 lit. f DSGVO zur Wahrung unserer berechtigten Interessen an der bestm\u00f6glichen Funktionalit\u00e4t der Website sowie einer kundenfreundlichen und effektiven Ausgestaltung des Seitenbesuchs.<\/p><p>Zus\u00e4tzlich k\u00f6nnen Sie standardm\u00e4\u00dfig das Laden sog. Scripts verhindern. NoScript erlaubt das Ausf\u00fchren von JavaScripts, Java und anderen Plug-ins nur bei vertrauensw\u00fcrdigen Domains Ihrer Wahl. Informationen und Anleitungen, wie Sie diese Funktion bearbeiten k\u00f6nnen, erhalten Sie \u00fcber den Anbieter Ihres Browsers.<\/p><p>Bitte beachten Sie, dass bei der Deaktivierung von Cookies die Funktionalit\u00e4t dieser Website eingeschr\u00e4nkt sein kann.<\/p><p>6. Dauer der Speicherung personenbezogener Daten<br \/>Die Dauer der Speicherung von personenbezogenen Daten bemisst sich an den einschl\u00e4gigen gesetzlichen Aufbewahrungsfristen (z. B. aus dem Handelsrecht und dem Steuerrecht). Nach Ablauf der jeweiligen Frist werden die entsprechenden Daten routinem\u00e4\u00dfig gel\u00f6scht. Sofern Daten zur Vertragserf\u00fcllung oder Vertragsanbahnung erforderlich sind oder unsererseits ein berechtigtes Interesse an der Weiterspeicherung besteht, werden die Daten gel\u00f6scht, wenn Sie zu diesen Zwecken nicht mehr erforderlich sind oder Sie von Ihrem Widerrufs- oder Widerspruchsrecht Gebrauch gemacht machen.<\/p><p>7. Ihre Rechte<br \/>Im Folgenden finden Sie Informationen dazu, welche Betroffenenrechte das geltende Datenschutzrecht Ihnen gegen\u00fcber dem Verantwortlichen hinsichtlich der Verarbeitung Ihrer personenbezogenen Daten gew\u00e4hrt:<br \/>Das Recht, gem\u00e4\u00df Art. 15 DSGVO Auskunft \u00fcber Ihre von uns verarbeiteten personenbezogenen Daten zu verlangen. Insbesondere k\u00f6nnen Sie Auskunft \u00fcber die Verarbeitungszwecke, die Kategorie der personenbezogenen Daten, die Kategorien von Empf\u00e4ngern, gegen\u00fcber denen Ihre Daten offengelegt wurden oder werden, die geplante Speicherdauer, das Bestehen eines Rechts auf Berichtigung, L\u00f6schung, Einschr\u00e4nkung der Verarbeitung oder Widerspruch, das Bestehen eines Beschwerderechts, die Herkunft ihrer Daten, sofern diese nicht bei uns erhoben wurden, sowie \u00fcber das Bestehen einer automatisierten Entscheidungsfindung einschlie\u00dflich Profiling und ggf. aussagekr\u00e4ftigen Informationen zu deren Einzelheiten verlangen.<br \/>Das Recht, gem\u00e4\u00df Art. 16 DSGVO unverz\u00fcglich die Berichtigung unrichtiger oder Vervollst\u00e4ndigung Ihrer bei uns gespeicherten personenbezogenen Daten zu verlangen.<br \/>Das Recht, gem\u00e4\u00df Art. 17 DSGVO die L\u00f6schung Ihrer bei uns gespeicherten personenbezogenen Daten zu verlangen, soweit nicht die Verarbeitung zur Aus\u00fcbung des Rechts auf freie Meinungs\u00e4u\u00dferung und Information, zur Erf\u00fcllung einer rechtlichen Verpflichtung, aus Gr\u00fcnden des \u00f6ffentlichen Interesses oder zur Geltendmachung, Aus\u00fcbung oder Verteidigung von Rechtsanspr\u00fcchen erforderlich ist.<br \/>Das Recht, gem\u00e4\u00df Art. 18 DSGVO die Einschr\u00e4nkung der Verarbeitung Ihrer personenbezogenen Daten zu verlangen, soweit die Richtigkeit der Daten von Ihnen bestritten wird, die Verarbeitung unrechtm\u00e4\u00dfig ist, Sie aber deren L\u00f6schung ablehnen und wir die Daten nicht mehr ben\u00f6tigen, Sie jedoch diese zur Geltendmachung, Aus\u00fcbung oder Verteidigung von Rechtsanspr\u00fcchen ben\u00f6tigen oder Sie gem\u00e4\u00df Art. 21 DSGVO Widerspruch gegen die Verarbeitung eingelegt haben.<\/p><p>Das Recht, gem\u00e4\u00df Art. 20 DSGVO Ihre personenbezogenen Daten, die Sie uns bereitgestellt haben, in einem strukturierten, g\u00e4ngigen und maschinenlesebaren Format zu erhalten oder die \u00dcbermittlung an einen anderen Verantwortlichen zu verlangen.<br \/>Das Recht, sich gem\u00e4\u00df Art. 77 DSGVO bei einer Aufsichtsbeh\u00f6rde zu beschweren. In der Regel k\u00f6nnen Sie sich hierf\u00fcr an die Aufsichtsbeh\u00f6rde des Bundeslandes unseres oben angegebenen Sitzes oder ggf. die Ihres \u00fcblichen Aufenthaltsortes oder Arbeitsplatzes wenden.<br \/>Recht auf Widerruf erteilter Einwilligungen gem\u00e4\u00df Art. 7 Abs. 3 DSGVO: Sie haben das Recht, eine einmal erteilte Einwilligung in die Verarbeitung von Daten jederzeit mit Wirkung f\u00fcr die Zukunft zu widerrufen. Im Falle des Widerrufs werden wir die betroffenen Daten unverz\u00fcglich l\u00f6schen, sofern eine weitere Verarbeitung nicht auf eine Rechtsgrundlage zur einwilligungslosen Verarbeitung gest\u00fctzt werden kann. Durch den Widerruf der Einwilligung wird die Rechtm\u00e4\u00dfigkeit der aufgrund der Einwilligung bis zum Widerruf erfolgten Verarbeitung nicht ber\u00fchrt;<\/p><p>Widerspruchsrecht<br \/>Sofern Ihre personenbezogenen Daten von uns auf Grundlage von berechtigten Interessen gem\u00e4\u00df Art. 6 Abs. 1 S. 1 lit. f DSGVO verarbeitet werden, haben Sie gem\u00e4\u00df Art. 21 DSGVO das Recht, Widerspruch gegen die Verarbeitung Ihrer personenbezogenen Daten einzulegen, soweit dies aus Gr\u00fcnde erfolgt, die sich aus Ihrer besonderen Situation ergeben. Soweit sich der Widerspruch gegen die Verarbeitung personenbezogener Daten zum Zwecke von Direktwerbung richtet, haben Sie ein generelles Widerspruchsrecht ohne das Erfordernis der Angabe einer besonderen Situation.<\/p><p>M\u00f6chten Sie von Ihrem Widerrufs- oder Widerspruchsrecht Gebrauch machen, gen\u00fcgt eine E-Mail an\u00a0<span id=\"cloakf5f898251988ba63fbf6d1ad2a3ac0ca\"><\/span><a href=\"mailto:info@neuekunstinhamburg.de\">info@neuekunstinhamburg.de<\/a>.<\/p><p>8. Datensicherheit<br \/>Wir verwenden innerhalb des Website-Besuchs das verbreitete SSL-Verfahren (Secure Socket Layer) in Verbindung mit der jeweils h\u00f6chsten Verschl\u00fcsselungsstufe, die von Ihrem Browser unterst\u00fctzt wird. In der Regel handelt es sich dabei um eine 256 Bit Verschl\u00fcsselung. Falls Ihr Browser keine 256-Bit Verschl\u00fcsselung unterst\u00fctzt, greifen wir stattdessen auf 128-Bit v3 Technologie zur\u00fcck. Ob eine einzelne Seite unseres Internetauftrittes verschl\u00fcsselt \u00fcbertragen wird, erkennen Sie an der geschlossenen Darstellung des Sch\u00fcssel- beziehungsweise Schloss-Symbols in der unteren Statusleiste Ihres Browsers. Wir bedienen uns im \u00dcbrigen geeigneter technischer und organisatorischer Sicherheitsma\u00dfnahmen, um Ihre Daten gegen zuf\u00e4llige oder vors\u00e4tzliche Manipulationen, teilweisen oder vollst\u00e4ndigen Verlust, Zerst\u00f6rung oder gegen den unbefugten Zugriff Dritter zu sch\u00fctzen. Unsere Sicherheitsma\u00dfnahmen werden entsprechend der technologischen Entwicklung fortlaufend verbessert.<\/p><p>9. Aktualit\u00e4t und \u00c4nderungen unserer Datenschutzerkl\u00e4rung<br \/>Diese Datenschutzerkl\u00e4rung ist aktuell g\u00fcltig und hat den Stand Mai 2018.<br \/>Wir behalten uns vor, diese Datenschutzerkl\u00e4rung erforderlichenfalls unter Beachtung der geltenden Datenschutzvorschriften anzupassen bzw. zu aktualisieren. Auf diese Weise k\u00f6nnen wir sie den aktuellen rechtlichen Anforderungen anpassen und \u00c4nderungen unserer Leistungen ber\u00fccksichtigen, z. B. bei der Einf\u00fchrung neuer Services. F\u00fcr Ihren Besuch gilt die jeweils aktuellste Fassung.<\/p>\t\t\t\t\t\t<\/div>\n\t\t\t\t<\/div>\n\t\t\t\t\t<\/div>\n\t\t<\/div>\n\t\t\t\t\t<\/div>\n\t\t<\/section>\n\t\t\t\t<\/div>\n\t\t","protected":false},"excerpt":{"rendered":"<p>IMPRESSUM Neue Kunst In Hamburg e.V.Hochallee 9320149 HamburgTel: 0171 \/ 931 87 49 (Judith Fell-Zeller)E-Mail:\u00a0info@neuekunstinhamburg.de VertretungsberechtigteDer Verein Neue Kunst in Hamburg e.V. wird vertreten durch seinen Vorstand:Judith Fell-ZellerMichael Sch\u00e4ferKatharina BittelPeter LabinDr. Hans Jochen Waitz VereinsregisterDer Verein Neue Kunst in Hamburg e.V. ist im Vereinsregister des Amtsgerichts Hamburg unter der Registernummer VR 11071 eingetragen. HaftungDer Verein [&hellip;]<\/p>\n","protected":false},"author":2,"featured_media":0,"parent":0,"menu_order":0,"comment_status":"closed","ping_status":"closed","template":"","meta":{"footnotes":""},"class_list":["post-3698","page","type-page","status-publish","hentry"],"_links":{"self":[{"href":"https:\/\/neuekunstinhamburg.de\/wordpress\/wp-json\/wp\/v2\/pages\/3698","targetHints":{"allow":["GET"]}}],"collection":[{"href":"https:\/\/neuekunstinhamburg.de\/wordpress\/wp-json\/wp\/v2\/pages"}],"about":[{"href":"https:\/\/neuekunstinhamburg.de\/wordpress\/wp-json\/wp\/v2\/types\/page"}],"author":[{"embeddable":true,"href":"https:\/\/neuekunstinhamburg.de\/wordpress\/wp-json\/wp\/v2\/users\/2"}],"replies":[{"embeddable":true,"href":"https:\/\/neuekunstinhamburg.de\/wordpress\/wp-json\/wp\/v2\/comments?post=3698"}],"version-history":[{"count":7,"href":"https:\/\/neuekunstinhamburg.de\/wordpress\/wp-json\/wp\/v2\/pages\/3698\/revisions"}],"predecessor-version":[{"id":4515,"href":"https:\/\/neuekunstinhamburg.de\/wordpress\/wp-json\/wp\/v2\/pages\/3698\/revisions\/4515"}],"wp:attachment":[{"href":"https:\/\/neuekunstinhamburg.de\/wordpress\/wp-json\/wp\/v2\/media?parent=3698"}],"curies":[{"name":"wp","href":"https:\/\/api.w.org\/{rel}","templated":true}]}}