{"id":5358,"date":"2024-05-10T16:28:34","date_gmt":"2024-05-10T16:28:34","guid":{"rendered":"https:\/\/neuekunstinhamburg.de\/wordpress\/?page_id=5358"},"modified":"2024-05-10T16:36:50","modified_gmt":"2024-05-10T16:36:50","slug":"kurator-9","status":"publish","type":"page","link":"https:\/\/neuekunstinhamburg.de\/wordpress\/kurator-9\/","title":{"rendered":"KURATOR"},"content":{"rendered":"\t\t<div data-elementor-type=\"wp-page\" data-elementor-id=\"5358\" class=\"elementor elementor-5358\" data-elementor-settings=\"{&quot;ha_cmc_init_switcher&quot;:&quot;no&quot;}\" data-elementor-post-type=\"page\">\n\t\t\t\t\t\t<section class=\"elementor-section elementor-top-section elementor-element elementor-element-05b1a9c elementor-section-boxed elementor-section-height-default elementor-section-height-default\" data-id=\"05b1a9c\" data-element_type=\"section\" data-settings=\"{&quot;_ha_eqh_enable&quot;:false,&quot;ekit_has_onepagescroll_dot&quot;:&quot;yes&quot;}\">\n\t\t\t\t\t\t<div class=\"elementor-container elementor-column-gap-default\">\n\t\t\t\t\t<div class=\"elementor-column elementor-col-100 elementor-top-column elementor-element elementor-element-c3d3d47\" data-id=\"c3d3d47\" data-element_type=\"column\">\n\t\t\t<div class=\"elementor-widget-wrap elementor-element-populated\">\n\t\t\t\t\t\t<div class=\"elementor-element elementor-element-e9ea13f elementor-widget elementor-widget-image\" data-id=\"e9ea13f\" data-element_type=\"widget\" data-settings=\"{&quot;ekit_we_effect_on&quot;:&quot;none&quot;}\" data-widget_type=\"image.default\">\n\t\t\t\t<div class=\"elementor-widget-container\">\n\t\t\t<style>\/*! elementor - v3.21.0 - 30-04-2024 *\/\n.elementor-widget-image{text-align:center}.elementor-widget-image a{display:inline-block}.elementor-widget-image a img[src$=\".svg\"]{width:48px}.elementor-widget-image img{vertical-align:middle;display:inline-block}<\/style>\t\t\t\t\t\t\t<figure class=\"wp-caption\">\n\t\t\t\t\t\t\t\t\t\t<img fetchpriority=\"high\" decoding=\"async\" width=\"225\" height=\"300\" src=\"https:\/\/neuekunstinhamburg.de\/wordpress\/wp-content\/uploads\/2024\/05\/cid1C9537A2-A1D6-4945-906E-A63ADE25D079-225x300.jpeg\" class=\"attachment-medium size-medium wp-image-5359\" alt=\"\" srcset=\"https:\/\/neuekunstinhamburg.de\/wordpress\/wp-content\/uploads\/2024\/05\/cid1C9537A2-A1D6-4945-906E-A63ADE25D079-225x300.jpeg 225w, https:\/\/neuekunstinhamburg.de\/wordpress\/wp-content\/uploads\/2024\/05\/cid1C9537A2-A1D6-4945-906E-A63ADE25D079-768x1024.jpeg 768w, https:\/\/neuekunstinhamburg.de\/wordpress\/wp-content\/uploads\/2024\/05\/cid1C9537A2-A1D6-4945-906E-A63ADE25D079-1152x1536.jpeg 1152w, https:\/\/neuekunstinhamburg.de\/wordpress\/wp-content\/uploads\/2024\/05\/cid1C9537A2-A1D6-4945-906E-A63ADE25D079-1536x2048.jpeg 1536w, https:\/\/neuekunstinhamburg.de\/wordpress\/wp-content\/uploads\/2024\/05\/cid1C9537A2-A1D6-4945-906E-A63ADE25D079.jpeg 1800w\" sizes=\"(max-width: 225px) 100vw, 225px\" \/>\t\t\t\t\t\t\t\t\t\t\t<figcaption class=\"widget-image-caption wp-caption-text\">Credit: Diana Pfammatter<\/figcaption>\n\t\t\t\t\t\t\t\t\t\t<\/figure>\n\t\t\t\t\t\t\t<\/div>\n\t\t\t\t<\/div>\n\t\t\t\t\t<\/div>\n\t\t<\/div>\n\t\t\t\t\t<\/div>\n\t\t<\/section>\n\t\t\t\t<section class=\"elementor-section elementor-top-section elementor-element elementor-element-2954d80 elementor-section-boxed elementor-section-height-default elementor-section-height-default\" data-id=\"2954d80\" data-element_type=\"section\" data-settings=\"{&quot;_ha_eqh_enable&quot;:false,&quot;ekit_has_onepagescroll_dot&quot;:&quot;yes&quot;}\">\n\t\t\t\t\t\t<div class=\"elementor-container elementor-column-gap-default\">\n\t\t\t\t\t<div class=\"elementor-column elementor-col-100 elementor-top-column elementor-element elementor-element-774c684\" data-id=\"774c684\" data-element_type=\"column\">\n\t\t\t<div class=\"elementor-widget-wrap elementor-element-populated\">\n\t\t\t\t\t\t<div class=\"elementor-element elementor-element-83baffe elementor-widget elementor-widget-text-editor\" data-id=\"83baffe\" data-element_type=\"widget\" data-settings=\"{&quot;ekit_we_effect_on&quot;:&quot;none&quot;}\" data-widget_type=\"text-editor.default\">\n\t\t\t\t<div class=\"elementor-widget-container\">\n\t\t\t<style>\/*! elementor - v3.21.0 - 30-04-2024 *\/\n.elementor-widget-text-editor.elementor-drop-cap-view-stacked .elementor-drop-cap{background-color:#69727d;color:#fff}.elementor-widget-text-editor.elementor-drop-cap-view-framed .elementor-drop-cap{color:#69727d;border:3px solid;background-color:transparent}.elementor-widget-text-editor:not(.elementor-drop-cap-view-default) .elementor-drop-cap{margin-top:8px}.elementor-widget-text-editor:not(.elementor-drop-cap-view-default) .elementor-drop-cap-letter{width:1em;height:1em}.elementor-widget-text-editor .elementor-drop-cap{float:left;text-align:center;line-height:1;font-size:50px}.elementor-widget-text-editor .elementor-drop-cap-letter{display:inline-block}<\/style>\t\t\t\t<h2>Fabian Sch\u00f6neich<\/h2><p class=\"p1\">Fabian Sch\u00f6neich (*1985, Gera) ist Kurator, sowie der Gru\u0308ndungsdirektor des CCA Berlin &#8211; Center for Contemporary Arts. Er war Kurator des Portikus in Frankfurt\/Main (2014-18). Zudem war er als Assistenzkurator an der Kunsthalle Basel (2012-14) und dem Kunstinstituut Melly (2011) (fru\u0308her bekannt als Witte de With Center for Contemporary Art) in Rotterdam t\u00e4tig. Er kuratierte die Performance-Projekte der LISTE Art Fair in Basel (2013 + 14) und arbeitete als kuratorischer Berater fu\u0308r die Bereiche Focus, Frame und Live der Frieze Art Fairs in London und New York (2015-17).<\/p><p class=\"p1\">Fu\u0308r Fabian Sch\u00f6neich ist es wichtig, Ausstellungen gemeinsam mit den Ku\u0308nstler*innen im Dialog zu entwickeln. Im Laufe der Jahre wurde es fu\u0308r ihn immer interessanter, das Programm einer Institution als Ganzes zu sehen und die Idee einer zeitgen\u00f6ssischen Kunstgeschichte weiterzuentwickeln, die sich mit einem globalen Verst\u00e4ndnis unserer Zeit besch\u00e4ftigt. Er interessiert sich dabei fu\u0308r ku\u0308nstlerische Praktiken, die eine gewisse Notwendigkeit beinhalten, auf das Jetzt zu reagieren.<\/p><p class=\"p1\">Er realisierte Einzel- und Gruppenausstellungen u.a. mit Charlotte Posenenske, He Xiangyu, Yu Ji, Enzo Camacho &amp; Ami Lien, Lauren Halsey, Isa Genzken, Haim Steinbach, Louise Lawler, Pol Taburet, Igshaan Adams, Loretta Fahrenholz, Erna Rosenstein, Moyra Davey, Basel Abbas &amp; Ruanne Abou-Rahme, Lawrence Abu Hamdan, Michael Dean, Amy Sillman, Jana Euler, Minouk Lim und Tobias Spichtig.<\/p><p class=\"p1\">Er realisierte Performances mit Arbeiten u.a. von Adam Linder, Anne Imhof, Alexander Baczynski-Jenkins, Ligia Lewis, Sa\u00e2dane Afif, Akio Suzuki &amp; Aki Onda.<\/p><p class=\"p1\">Er ist au\u00dferdem Herausgeber zahlreicher Ku\u0308nstler*innen-Publikationen und Monografien, darunter Michael Dean (2024), Lawrence Abu Hamdan: Dirty Evidence (2022), Melike Kara: Where We Meet (2021), Raphael Hefti: Salutary Failures (2021), Amy Sillman: the all-over (2017) und Otobong Nkanga: Luster and Lucre (2017). Sch\u00f6neich ist regelm\u00e4\u00dfig Mitglied von Jurys, zuletzt am Arbeitsstipendium Bildende Kunst 2022 der Senatsverwaltung fu\u0308r Kultur und Europa in Berlin sowie am illy Present Future Prize Jury Artissima 2022 in Turin.<\/p><p class=\"p1\">Er studierte Kunstgeschichte, Theorie und Geschichte der Fotografie sowie Kunstgeschichte Ostasiens an der Universit\u00e4t Zu\u0308rich.<\/p>\t\t\t\t\t\t<\/div>\n\t\t\t\t<\/div>\n\t\t\t\t\t<\/div>\n\t\t<\/div>\n\t\t\t\t\t<\/div>\n\t\t<\/section>\n\t\t\t\t<\/div>\n\t\t","protected":false},"excerpt":{"rendered":"<p>Credit: Diana Pfammatter Fabian Sch\u00f6neich Fabian Sch\u00f6neich (*1985, Gera) ist Kurator, sowie der Gru\u0308ndungsdirektor des CCA Berlin &#8211; Center for Contemporary Arts. Er war Kurator des Portikus in Frankfurt\/Main (2014-18). Zudem war er als Assistenzkurator an der Kunsthalle Basel (2012-14) und dem Kunstinstituut Melly (2011) (fru\u0308her bekannt als Witte de With Center for Contemporary Art) [&hellip;]<\/p>\n","protected":false},"author":2,"featured_media":0,"parent":0,"menu_order":0,"comment_status":"closed","ping_status":"closed","template":"","meta":{"footnotes":""},"class_list":["post-5358","page","type-page","status-publish","hentry"],"_links":{"self":[{"href":"https:\/\/neuekunstinhamburg.de\/wordpress\/wp-json\/wp\/v2\/pages\/5358","targetHints":{"allow":["GET"]}}],"collection":[{"href":"https:\/\/neuekunstinhamburg.de\/wordpress\/wp-json\/wp\/v2\/pages"}],"about":[{"href":"https:\/\/neuekunstinhamburg.de\/wordpress\/wp-json\/wp\/v2\/types\/page"}],"author":[{"embeddable":true,"href":"https:\/\/neuekunstinhamburg.de\/wordpress\/wp-json\/wp\/v2\/users\/2"}],"replies":[{"embeddable":true,"href":"https:\/\/neuekunstinhamburg.de\/wordpress\/wp-json\/wp\/v2\/comments?post=5358"}],"version-history":[{"count":12,"href":"https:\/\/neuekunstinhamburg.de\/wordpress\/wp-json\/wp\/v2\/pages\/5358\/revisions"}],"predecessor-version":[{"id":5371,"href":"https:\/\/neuekunstinhamburg.de\/wordpress\/wp-json\/wp\/v2\/pages\/5358\/revisions\/5371"}],"wp:attachment":[{"href":"https:\/\/neuekunstinhamburg.de\/wordpress\/wp-json\/wp\/v2\/media?parent=5358"}],"curies":[{"name":"wp","href":"https:\/\/api.w.org\/{rel}","templated":true}]}}