{"id":98,"date":"2023-05-28T22:58:39","date_gmt":"2023-05-28T22:58:39","guid":{"rendered":"https:\/\/fleetinsel.dreem.us\/nkh\/?page_id=98"},"modified":"2024-03-20T08:34:21","modified_gmt":"2024-03-20T08:34:21","slug":"kuratorin","status":"publish","type":"page","link":"https:\/\/neuekunstinhamburg.de\/wordpress\/kuratorin\/","title":{"rendered":"KURATORIN"},"content":{"rendered":"\t\t<div data-elementor-type=\"wp-page\" data-elementor-id=\"98\" class=\"elementor elementor-98\" data-elementor-settings=\"{&quot;ha_cmc_init_switcher&quot;:&quot;no&quot;}\" data-elementor-post-type=\"page\">\n\t\t\t\t\t\t<section class=\"elementor-section elementor-top-section elementor-element elementor-element-6f5c9b0 elementor-section-boxed elementor-section-height-default elementor-section-height-default\" data-id=\"6f5c9b0\" data-element_type=\"section\" data-settings=\"{&quot;_ha_eqh_enable&quot;:false,&quot;ekit_has_onepagescroll_dot&quot;:&quot;yes&quot;}\">\n\t\t\t\t\t\t<div class=\"elementor-container elementor-column-gap-default\">\n\t\t\t\t\t<div class=\"elementor-column elementor-col-100 elementor-top-column elementor-element elementor-element-7846abb\" data-id=\"7846abb\" data-element_type=\"column\">\n\t\t\t<div class=\"elementor-widget-wrap elementor-element-populated\">\n\t\t\t\t\t\t<div class=\"elementor-element elementor-element-9a54d1a elementor-widget elementor-widget-image\" data-id=\"9a54d1a\" data-element_type=\"widget\" data-settings=\"{&quot;ekit_we_effect_on&quot;:&quot;none&quot;}\" data-widget_type=\"image.default\">\n\t\t\t\t<div class=\"elementor-widget-container\">\n\t\t\t<style>\/*! elementor - v3.21.0 - 30-04-2024 *\/\n.elementor-widget-image{text-align:center}.elementor-widget-image a{display:inline-block}.elementor-widget-image a img[src$=\".svg\"]{width:48px}.elementor-widget-image img{vertical-align:middle;display:inline-block}<\/style>\t\t\t\t\t\t\t\t\t\t<img fetchpriority=\"high\" decoding=\"async\" width=\"250\" height=\"215\" src=\"https:\/\/neuekunstinhamburg.de\/wordpress\/wp-content\/uploads\/2023\/08\/kurator.jpg\" class=\"attachment-full size-full wp-image-1626\" alt=\"\" \/>\t\t\t\t\t\t\t\t\t\t\t\t\t<\/div>\n\t\t\t\t<\/div>\n\t\t\t\t\t<\/div>\n\t\t<\/div>\n\t\t\t\t\t<\/div>\n\t\t<\/section>\n\t\t\t\t<section class=\"elementor-section elementor-top-section elementor-element elementor-element-7e951a0 elementor-section-boxed elementor-section-height-default elementor-section-height-default\" data-id=\"7e951a0\" data-element_type=\"section\" data-settings=\"{&quot;_ha_eqh_enable&quot;:false,&quot;ekit_has_onepagescroll_dot&quot;:&quot;yes&quot;}\">\n\t\t\t\t\t\t<div class=\"elementor-container elementor-column-gap-default\">\n\t\t\t\t\t<div class=\"elementor-column elementor-col-100 elementor-top-column elementor-element elementor-element-0e03642\" data-id=\"0e03642\" data-element_type=\"column\">\n\t\t\t<div class=\"elementor-widget-wrap elementor-element-populated\">\n\t\t\t\t\t\t<div class=\"elementor-element elementor-element-bb5ae60 elementor-widget elementor-widget-heading\" data-id=\"bb5ae60\" data-element_type=\"widget\" data-settings=\"{&quot;ekit_we_effect_on&quot;:&quot;none&quot;}\" data-widget_type=\"heading.default\">\n\t\t\t\t<div class=\"elementor-widget-container\">\n\t\t\t<style>\/*! elementor - v3.21.0 - 30-04-2024 *\/\n.elementor-heading-title{padding:0;margin:0;line-height:1}.elementor-widget-heading .elementor-heading-title[class*=elementor-size-]>a{color:inherit;font-size:inherit;line-height:inherit}.elementor-widget-heading .elementor-heading-title.elementor-size-small{font-size:15px}.elementor-widget-heading .elementor-heading-title.elementor-size-medium{font-size:19px}.elementor-widget-heading .elementor-heading-title.elementor-size-large{font-size:29px}.elementor-widget-heading .elementor-heading-title.elementor-size-xl{font-size:39px}.elementor-widget-heading .elementor-heading-title.elementor-size-xxl{font-size:59px}<\/style><h2 class=\"elementor-heading-title elementor-size-default\">FATIMA HELLBERG<\/h2>\t\t<\/div>\n\t\t\t\t<\/div>\n\t\t\t\t\t<\/div>\n\t\t<\/div>\n\t\t\t\t\t<\/div>\n\t\t<\/section>\n\t\t\t\t<section class=\"elementor-section elementor-top-section elementor-element elementor-element-a4fd3b2 elementor-section-boxed elementor-section-height-default elementor-section-height-default\" data-id=\"a4fd3b2\" data-element_type=\"section\" data-settings=\"{&quot;_ha_eqh_enable&quot;:false,&quot;ekit_has_onepagescroll_dot&quot;:&quot;yes&quot;}\">\n\t\t\t\t\t\t<div class=\"elementor-container elementor-column-gap-default\">\n\t\t\t\t\t<div class=\"elementor-column elementor-col-100 elementor-top-column elementor-element elementor-element-a35ee37\" data-id=\"a35ee37\" data-element_type=\"column\">\n\t\t\t<div class=\"elementor-widget-wrap elementor-element-populated\">\n\t\t\t\t\t\t<div class=\"elementor-element elementor-element-cd33909 elementor-widget elementor-widget-text-editor\" data-id=\"cd33909\" data-element_type=\"widget\" data-settings=\"{&quot;ekit_we_effect_on&quot;:&quot;none&quot;}\" data-widget_type=\"text-editor.default\">\n\t\t\t\t<div class=\"elementor-widget-container\">\n\t\t\t<style>\/*! elementor - v3.21.0 - 30-04-2024 *\/\n.elementor-widget-text-editor.elementor-drop-cap-view-stacked .elementor-drop-cap{background-color:#69727d;color:#fff}.elementor-widget-text-editor.elementor-drop-cap-view-framed .elementor-drop-cap{color:#69727d;border:3px solid;background-color:transparent}.elementor-widget-text-editor:not(.elementor-drop-cap-view-default) .elementor-drop-cap{margin-top:8px}.elementor-widget-text-editor:not(.elementor-drop-cap-view-default) .elementor-drop-cap-letter{width:1em;height:1em}.elementor-widget-text-editor .elementor-drop-cap{float:left;text-align:center;line-height:1;font-size:50px}.elementor-widget-text-editor .elementor-drop-cap-letter{display:inline-block}<\/style>\t\t\t\t<p><strong>Fatima Hellberg<\/strong>, seit Ende 2019 Direktorin des Kunstverein Bonn, kuratiert den 16. Zyklus. Die Kunsthistorikerin, 1986 in Schweden geboren, hat Ausstellungen und Projekte in Institutionen wie ICA, London; Tate Modern; CCA Wattis Institute for Contemporary Arts, San Francisco; Museion, Bolzano; South London Gallery und Malm\u00f6 Konsthall, Schweden kuratiert. Fatima Hellberg war K\u00fcnstlerische Leiterin des K\u00fcnstlerhauses Stuttgart (2015-19) und lebte zuvor in London, wo sie als Kuratorin bei Cubitt, London und Electra, einer Organisation f\u00fcr zeitgen\u00f6ssische Kunst mit langj\u00e4hrigem Engagement im Bereich Gender und Feminismus, t\u00e4tig war. Ihre kuratorische Praxis entsteht in enger Zusammenarbeit mit den K\u00fcnstler*innen und ist h\u00e4ufig mit einem l\u00e4ngerfristigen Austausch verbunden, der sich in Ausstellungen, Publikationen und Veranstaltungen manifestiert, unter anderem mit Ellen Cantor, David Medalla, James Richards, Michael Kleine (\u00fcbrigens Neue Kunst Stipendiat 2018) und Ghislaine Leung. Fatima Hellberg unterrichtete im Rahmen des Critical Studies Programme am Sandberg Institute, Amsterdam sowie an der Universit\u00e4t Oxford, der ZHdK, Z\u00fcrich und der Akademie der bildenden K\u00fcnste Wien und schrieb u.a. f\u00fcr Texte zur Kunst, Frieze und Afterall. Sie studierte Kunstgeschichte und Visuelle Kultur\/Visual Culture an der Universit\u00e4t Oxford sowie Kuratieren zeitgen\u00f6ssischer Kunst\/Curating Contemporary Art am Royal College of Art in London. <\/p>\t\t\t\t\t\t<\/div>\n\t\t\t\t<\/div>\n\t\t\t\t\t<\/div>\n\t\t<\/div>\n\t\t\t\t\t<\/div>\n\t\t<\/section>\n\t\t\t\t<section class=\"elementor-section elementor-top-section elementor-element elementor-element-a4e06ae elementor-section-boxed elementor-section-height-default elementor-section-height-default\" data-id=\"a4e06ae\" data-element_type=\"section\" data-settings=\"{&quot;_ha_eqh_enable&quot;:false,&quot;ekit_has_onepagescroll_dot&quot;:&quot;yes&quot;}\">\n\t\t\t\t\t\t<div class=\"elementor-container elementor-column-gap-default\">\n\t\t\t\t\t<div class=\"elementor-column elementor-col-100 elementor-top-column elementor-element elementor-element-50c5d8d\" data-id=\"50c5d8d\" data-element_type=\"column\">\n\t\t\t<div class=\"elementor-widget-wrap elementor-element-populated\">\n\t\t\t\t\t\t<div class=\"elementor-element elementor-element-3be5be5 elementor-widget elementor-widget-text-editor\" data-id=\"3be5be5\" data-element_type=\"widget\" data-settings=\"{&quot;ekit_we_effect_on&quot;:&quot;none&quot;}\" data-widget_type=\"text-editor.default\">\n\t\t\t\t<div class=\"elementor-widget-container\">\n\t\t\t\t\t\t\t<h2>Liste der Kurator*Innen seit 1987<\/h2><p><strong>Karl Egon Vester 1987<\/strong><\/p><p><strong>Gerhard Storck 1988<\/strong><\/p><p><strong>Dr. Veith Loers 1989<\/strong><\/p><p><strong>Christoph Blase 1991<\/strong><\/p><p><strong>Kaspar K\u00f6nig &amp; Hans-Ulrich Obrist 1993<\/strong><\/p><p><strong>Martin Henschel 1998<\/strong><\/p><p><strong>Karola Gr\u00e4sslin 2001<\/strong><\/p><p><strong>Rita Kersting 2003<\/strong><\/p><p><strong>Jens Hoffmann 2006<\/strong><\/p><p><strong>Stefan Kalm\u00e1r 2008\u00a0<\/strong><\/p><p><strong>Johan Holten 2010<\/strong><\/p><p><strong>Jacob Schillinger 2012<\/strong><\/p><p><strong>Rhea Dall 2015<\/strong><\/p><p><strong>Moritz Wessler 2018<\/strong><\/p><p><strong>Eva Birkenstock 2021<\/strong><\/p>\t\t\t\t\t\t<\/div>\n\t\t\t\t<\/div>\n\t\t\t\t\t<\/div>\n\t\t<\/div>\n\t\t\t\t\t<\/div>\n\t\t<\/section>\n\t\t\t\t<\/div>\n\t\t","protected":false},"excerpt":{"rendered":"<p>FATIMA HELLBERG Fatima Hellberg, seit Ende 2019 Direktorin des Kunstverein Bonn, kuratiert den 16. Zyklus. Die Kunsthistorikerin, 1986 in Schweden geboren, hat Ausstellungen und Projekte in Institutionen wie ICA, London; Tate Modern; CCA Wattis Institute for Contemporary Arts, San Francisco; Museion, Bolzano; South London Gallery und Malm\u00f6 Konsthall, Schweden kuratiert. Fatima Hellberg war K\u00fcnstlerische Leiterin [&hellip;]<\/p>\n","protected":false},"author":1,"featured_media":0,"parent":0,"menu_order":0,"comment_status":"closed","ping_status":"closed","template":"","meta":{"footnotes":""},"class_list":["post-98","page","type-page","status-publish","hentry"],"_links":{"self":[{"href":"https:\/\/neuekunstinhamburg.de\/wordpress\/wp-json\/wp\/v2\/pages\/98","targetHints":{"allow":["GET"]}}],"collection":[{"href":"https:\/\/neuekunstinhamburg.de\/wordpress\/wp-json\/wp\/v2\/pages"}],"about":[{"href":"https:\/\/neuekunstinhamburg.de\/wordpress\/wp-json\/wp\/v2\/types\/page"}],"author":[{"embeddable":true,"href":"https:\/\/neuekunstinhamburg.de\/wordpress\/wp-json\/wp\/v2\/users\/1"}],"replies":[{"embeddable":true,"href":"https:\/\/neuekunstinhamburg.de\/wordpress\/wp-json\/wp\/v2\/comments?post=98"}],"version-history":[{"count":43,"href":"https:\/\/neuekunstinhamburg.de\/wordpress\/wp-json\/wp\/v2\/pages\/98\/revisions"}],"predecessor-version":[{"id":5346,"href":"https:\/\/neuekunstinhamburg.de\/wordpress\/wp-json\/wp\/v2\/pages\/98\/revisions\/5346"}],"wp:attachment":[{"href":"https:\/\/neuekunstinhamburg.de\/wordpress\/wp-json\/wp\/v2\/media?parent=98"}],"curies":[{"name":"wp","href":"https:\/\/api.w.org\/{rel}","templated":true}]}}